{"id":750,"date":"2024-04-29T07:56:09","date_gmt":"2024-04-29T07:56:09","guid":{"rendered":"https:\/\/famigliasciuchetti.ch\/?page_id=750"},"modified":"2024-05-29T02:46:15","modified_gmt":"2024-05-29T02:46:15","slug":"impressum-disclaimer","status":"publish","type":"page","link":"https:\/\/famigliasciuchetti.ch\/?page_id=750","title":{"rendered":"Impressum\/Disclaimer"},"content":{"rendered":"\n<h3 class=\"wp-block-heading\"><strong>Avvertenze legali<\/strong><\/h3>\n\n\n\n<p><strong>Esclusione di responsabilit\u00e0<\/strong><\/p>\n\n\n\n<p>Il proprietario del sito famigliasciuchetti.ch declina qualsiasi responsabilit\u00e0 sia per quanto riguarda l&#8217;accuratezza e l&#8217;attualit\u00e0 dei contenuti, sia per la affidabilit\u00e0 e la completezza delle informazioni.<\/p>\n\n\n\n<p>Si escludono le pretese di responsabilit\u00e0 nei confronti del proprietario del sito famigliasciuchetti.ch per danni di natura materiale o immateriale derivanti dall&#8217;accesso o dall&#8217;utilizzo o dall&#8217;omesso utilizzo delle informazioni pubblicate, dall&#8217;abuso del collegamento o da malfunzionamenti tecnici.<\/p>\n\n\n\n<p>Tutte le offerte e le pubblicazioni sono senza impegno. Il proprietario del sito famigliasciuchetti.ch si riserva espressamente il diritto di modificare, integrare o cancellare parti delle pagine o l&#8217;intera offerta senza preavviso. La pubblicazione pu\u00f2 essere temporaneamente o definitivamente interrotta.<\/p>\n\n\n\n<p>Per i link a siti web di terzi, i responsabili del sito famigliasciuchetti.ch declina ogni responsabilit\u00e0. L&#8217;accesso e l&#8217;utilizzo di tali siti web avvengono a rischio proprio dell&#8217;utente.<\/p>\n\n\n\n<p><strong>Copyright<\/strong><\/p>\n\n\n\n<p>Salvo diverso accordo, tutte le informazioni e i documenti di questo sito web sono propriet\u00e0 intellettuale del proprietario del sito web e protetti dal copyright. Per l&#8217;utilizzo di qualsiasi elemento \u00e8 necessario ottenere preventivamente il consenso del proprietario del sito famigliasciuchetti.ch.<\/p>\n\n\n\n<p><strong>Norme sulla privacy<\/strong><\/p>\n\n\n\n<p>Ai sensi dell&#8217;articolo 13 della Costituzione federale svizzera e delle disposizioni sulla protezione dei dati del governo federale (Legge sulla protezione dei dati, DSG), ogni persona ha diritto alla protezione della propria privacy e alla protezione dallo sfruttamento dei propri dati personali. Noi rispettiamo queste disposizioni.<\/p>\n\n\n\n<p>I dati personali sono trattati in modo strettamente confidenziale e non vengono venduti o divulgati a terzi.<\/p>\n\n\n\n<p>Ci impegniamo a proteggere i database e i dati degli utenti il \u200b\u200bmeglio possibile da accessi non autorizzati, perdite, abusi o falsificazioni.<\/p>\n\n\n\n<p><strong>Foto \/ Video durante gli eventi<\/strong><\/p>\n\n\n\n<p>Durante gli eventi potrebbero essere effettuate foto \/ riprese video che verranno utilizzate per le pubblicazioni sul sito famigliasciuchetti.ch e accessibili solo per gli utenti registrati. Se i partecipanti non si presentano alla persona che sta scattando le foto, il proprietario del sito famigliasciuchetti.ch presume che siano d&#8217;accordo con la pubblicazione.<\/p>\n\n\n\n<p><strong>Autore del sito<\/strong><\/p>\n\n\n\n<p>Nicola Balzano<br>Heinrich-Wolff-Strasse 19<br>CH-8046 Z\u00fcrich<br><a href=\"mailto:info@famigliasciuchetti.ch\">info(at)famigliasciuchetti.ch<\/a><\/p>\n","protected":false},"excerpt":{"rendered":"<p>Avvertenze legali Esclusione di responsabilit\u00e0 Il proprietario del sito famigliasciuchetti.ch declina qualsiasi responsabilit\u00e0 sia per quanto riguarda l&#8217;accuratezza e l&#8217;attualit\u00e0 dei contenuti, sia per la affidabilit\u00e0 e la completezza delle informazioni. Si escludono le pretese di responsabilit\u00e0 nei confronti del proprietario del sito famigliasciuchetti.ch per danni di natura materiale o immateriale derivanti dall&#8217;accesso o dall&#8217;utilizzo [&hellip;]<\/p>\n","protected":false},"author":1,"featured_media":0,"parent":0,"menu_order":0,"comment_status":"closed","ping_status":"closed","template":"","meta":{"ngg_post_thumbnail":0,"footnotes":""},"_links":{"self":[{"href":"https:\/\/famigliasciuchetti.ch\/index.php?rest_route=\/wp\/v2\/pages\/750"}],"collection":[{"href":"https:\/\/famigliasciuchetti.ch\/index.php?rest_route=\/wp\/v2\/pages"}],"about":[{"href":"https:\/\/famigliasciuchetti.ch\/index.php?rest_route=\/wp\/v2\/types\/page"}],"author":[{"embeddable":true,"href":"https:\/\/famigliasciuchetti.ch\/index.php?rest_route=\/wp\/v2\/users\/1"}],"replies":[{"embeddable":true,"href":"https:\/\/famigliasciuchetti.ch\/index.php?rest_route=%2Fwp%2Fv2%2Fcomments&post=750"}],"version-history":[{"count":10,"href":"https:\/\/famigliasciuchetti.ch\/index.php?rest_route=\/wp\/v2\/pages\/750\/revisions"}],"predecessor-version":[{"id":918,"href":"https:\/\/famigliasciuchetti.ch\/index.php?rest_route=\/wp\/v2\/pages\/750\/revisions\/918"}],"wp:attachment":[{"href":"https:\/\/famigliasciuchetti.ch\/index.php?rest_route=%2Fwp%2Fv2%2Fmedia&parent=750"}],"curies":[{"name":"wp","href":"https:\/\/api.w.org\/{rel}","templated":true}]}}