{"id":52,"date":"2024-04-27T06:37:57","date_gmt":"2024-04-27T06:37:57","guid":{"rendered":"https:\/\/famigliasciuchetti.ch\/?page_id=52"},"modified":"2024-04-28T12:15:58","modified_gmt":"2024-04-28T12:15:58","slug":"pubblicazioni","status":"publish","type":"page","link":"https:\/\/famigliasciuchetti.ch\/?page_id=52","title":{"rendered":"Pubblicazioni"},"content":{"rendered":"\n<h2 class=\"wp-block-heading\">I Sci\u00fcchett da Bond<\/h2>\n\n\n\n<div class=\"wp-block-media-text is-stacked-on-mobile\" style=\"grid-template-columns:43% auto\"><figure class=\"wp-block-media-text__media\"><img loading=\"lazy\" decoding=\"async\" width=\"638\" height=\"905\" src=\"https:\/\/famigliasciuchetti.ch\/wp-content\/uploads\/2024\/04\/volume_fronte.jpg\" alt=\"\" class=\"wp-image-61 size-full\" srcset=\"https:\/\/famigliasciuchetti.ch\/wp-content\/uploads\/2024\/04\/volume_fronte.jpg 638w, https:\/\/famigliasciuchetti.ch\/wp-content\/uploads\/2024\/04\/volume_fronte-211x300.jpg 211w\" sizes=\"(max-width: 638px) 100vw, 638px\" \/><\/figure><div class=\"wp-block-media-text__content\">\n<p class=\"has-text-align-left\"><em>Balzano, Nicola<\/em><br><em>Prefazione e revisione di Francesca Savoldelli<\/em><br><strong>Racconti di una famiglia bregagliotta<\/strong><br><em>2020 &#8211; prima edizione<br>2021 -seconda e terza edizione<\/em><br>Varigrafica Alto Lazio srl<\/p>\n\n\n\n<p class=\"has-text-align-left\">(Esaurito)<br><\/p>\n<\/div><\/div>\n\n\n\n<p><\/p>\n\n\n\n<p><em>Sull\u2019importanza della memoria se n\u2019\u00e8 discusso in ogni dove. Eppure, a volte capita che ricordi di un\u2019intera famiglia vadano perduti nell\u2019oblio. Purtroppo, non basta tramandare oralmente episodi di vita, racconti di persone che non ci sono pi\u00f9; a un certo punto si crea un salto di generazione che non pu\u00f2 essere colmato. Quante volte ci \u00e8 capitato di ascoltare le storie dei nostri nonni? Ma chi si prende la briga di scriverle, di non lasciarle nei ricordi volatili della nostra memoria? Nicola ha deciso di raccogliere le vicende dei Sciuchetti all\u2019interno di questo libro, scritto negli ultimi anni con la preziosa collaborazione delle sorelle Rosina, Lina, Mida e Alice. Grazie alla sua meticolosa ricerca e alle interviste ha potuto mettere su carta una parte della storia della famiglia Sciuchetti. Che non andr\u00e0 perduta e potr\u00e0 essere tramandata alle prossime generazioni.<\/em><\/p>\n\n\n\n<p class=\"has-text-align-left\"><em>Al di l\u00e0 dell\u2019importanza di un libro sui Sciuchetti come ricordo per chi \u00e8 personalmente legato a loro, ritengo che questo possa essere considerato come un documento storico per Bondo e la Bregaglia. Leggendone le pagine si comprende che questa famiglia ha messo radici in vari posti, spostandosi principalmente nel resto della Svizzera e in Italia. Ma una buona parte di noi, periodicamente, ritorna sempre alle origini.<\/em><\/p>\n\n\n\n<p class=\"has-text-align-left\"><em>Bondo \u00e8 speciale perch\u00e9 \u00e8 il paesino dove sono nati e cresciuti i nostri parenti, ma lo \u00e8 indipendentemente da ci\u00f2. \u00c8 una piccola perla incastonata in una bellissima valle dei Grigioni e parte della sua storia \u00e8 legata a quella della nostra famiglia. E non va persa. Purtroppo, la frana del 23 agosto 2017, giorno in cui mi trovavo a Bondo, mi ha mostrato che ci vuole ben poco a cancellare un luogo, una storia, dei ricordi. Una parte del paese non c\u2019\u00e8 pi\u00f9 o \u00e8 cambiata, senza possibilit\u00e0 di ritorno. A maggior ragione la creazione di questo libro salva e conserva un pezzo della storia dei Sciuchetti, sia con aneddoti storici e testimonianze raccolte negli ultimi anni, sia con preziose fotografie d\u2019epoca e recenti.<\/em><br><br>Tratto dalla prefazione di Francesca Savoldelli<\/p>\n\n\n\n<hr class=\"wp-block-separator has-alpha-channel-opacity\"\/>\n\n\n\n<p><em><mark style=\"background-color:rgba(0, 0, 0, 0);color:#bc5a20\" class=\"has-inline-color\"><strong><a href=\"https:\/\/famigliasciuchetti.ch\/?page_id=84\">Volume online<\/a><\/strong>: Il contenuto \u00e8 disponibile per la consultazione online esclusivamente agli utenti registrati.<\/mark><\/em><\/p>\n","protected":false},"excerpt":{"rendered":"<p>I Sci\u00fcchett da Bond Balzano, NicolaPrefazione e revisione di Francesca SavoldelliRacconti di una famiglia bregagliotta2020 &#8211; prima edizione2021 -seconda e terza edizioneVarigrafica Alto Lazio srl (Esaurito) Sull\u2019importanza della memoria se n\u2019\u00e8 discusso in ogni dove. Eppure, a volte capita che ricordi di un\u2019intera famiglia vadano perduti nell\u2019oblio. Purtroppo, non basta tramandare oralmente episodi di vita, [&hellip;]<\/p>\n","protected":false},"author":1,"featured_media":0,"parent":0,"menu_order":0,"comment_status":"closed","ping_status":"closed","template":"","meta":{"ngg_post_thumbnail":0,"footnotes":""},"_links":{"self":[{"href":"https:\/\/famigliasciuchetti.ch\/index.php?rest_route=\/wp\/v2\/pages\/52"}],"collection":[{"href":"https:\/\/famigliasciuchetti.ch\/index.php?rest_route=\/wp\/v2\/pages"}],"about":[{"href":"https:\/\/famigliasciuchetti.ch\/index.php?rest_route=\/wp\/v2\/types\/page"}],"author":[{"embeddable":true,"href":"https:\/\/famigliasciuchetti.ch\/index.php?rest_route=\/wp\/v2\/users\/1"}],"replies":[{"embeddable":true,"href":"https:\/\/famigliasciuchetti.ch\/index.php?rest_route=%2Fwp%2Fv2%2Fcomments&post=52"}],"version-history":[{"count":24,"href":"https:\/\/famigliasciuchetti.ch\/index.php?rest_route=\/wp\/v2\/pages\/52\/revisions"}],"predecessor-version":[{"id":179,"href":"https:\/\/famigliasciuchetti.ch\/index.php?rest_route=\/wp\/v2\/pages\/52\/revisions\/179"}],"wp:attachment":[{"href":"https:\/\/famigliasciuchetti.ch\/index.php?rest_route=%2Fwp%2Fv2%2Fmedia&parent=52"}],"curies":[{"name":"wp","href":"https:\/\/api.w.org\/{rel}","templated":true}]}}